{"id":948,"date":"2018-08-22T23:28:04","date_gmt":"2018-08-23T03:28:04","guid":{"rendered":"https:\/\/asista.ca\/programme-de-chiens-dassistance-pour-tspt\/"},"modified":"2024-12-29T23:23:39","modified_gmt":"2024-12-30T04:23:39","slug":"programme-de-chiens-dassistance-pour-tspt","status":"publish","type":"page","link":"https:\/\/asista.ca\/fr\/programme-de-chiens-dassistance-pour-tspt\/","title":{"rendered":"Programme de chiens d\u2019assistance pour TSPT"},"content":{"rendered":"\t\t<div data-elementor-type=\"wp-post\" data-elementor-id=\"948\" class=\"elementor elementor-948 elementor-315\">\n\t\t\t\t\t\t<section class=\"elementor-section elementor-top-section elementor-element elementor-element-751eef18 elementor-section-boxed elementor-section-height-default elementor-section-height-default\" data-id=\"751eef18\" data-element_type=\"section\" data-e-type=\"section\" data-settings=\"{&quot;background_background&quot;:&quot;classic&quot;}\">\n\t\t\t\t\t\t<div class=\"elementor-container elementor-column-gap-default\">\n\t\t\t\t\t<div class=\"elementor-column elementor-col-100 elementor-top-column elementor-element elementor-element-22e9c2c4\" data-id=\"22e9c2c4\" data-element_type=\"column\" data-e-type=\"column\">\n\t\t\t<div class=\"elementor-widget-wrap elementor-element-populated\">\n\t\t\t\t\t\t<div class=\"elementor-element elementor-element-24314a36 res-fnt45 elementor-widget elementor-widget-heading\" data-id=\"24314a36\" data-element_type=\"widget\" data-e-type=\"widget\" data-widget_type=\"heading.default\">\n\t\t\t\t<div class=\"elementor-widget-container\">\n\t\t\t\t\t<h1 class=\"elementor-heading-title elementor-size-default\">Programme de chiens d\u2019assistance pour TSPT<\/h1>\t\t\t\t<\/div>\n\t\t\t\t<\/div>\n\t\t\t\t\t<\/div>\n\t\t<\/div>\n\t\t\t\t\t<\/div>\n\t\t<\/section>\n\t\t\t\t<section class=\"elementor-section elementor-top-section elementor-element elementor-element-17435f5b elementor-section-full_width elementor-section-height-default elementor-section-height-default\" data-id=\"17435f5b\" data-element_type=\"section\" data-e-type=\"section\" data-settings=\"{&quot;background_background&quot;:&quot;classic&quot;}\">\n\t\t\t\t\t\t<div class=\"elementor-container elementor-column-gap-default\">\n\t\t\t\t\t<div class=\"elementor-column elementor-col-100 elementor-top-column elementor-element elementor-element-5e519d18\" data-id=\"5e519d18\" data-element_type=\"column\" data-e-type=\"column\">\n\t\t\t<div class=\"elementor-widget-wrap elementor-element-populated\">\n\t\t\t\t\t\t<section class=\"elementor-section elementor-inner-section elementor-element elementor-element-69de1ce elementor-section-boxed elementor-section-height-default elementor-section-height-default\" data-id=\"69de1ce\" data-element_type=\"section\" data-e-type=\"section\">\n\t\t\t\t\t\t<div class=\"elementor-container elementor-column-gap-default\">\n\t\t\t\t\t<div class=\"elementor-column elementor-col-100 elementor-inner-column elementor-element elementor-element-b8fe233\" data-id=\"b8fe233\" data-element_type=\"column\" data-e-type=\"column\">\n\t\t\t<div class=\"elementor-widget-wrap elementor-element-populated\">\n\t\t\t\t\t\t<div class=\"elementor-element elementor-element-99a2325 elementor-view-framed elementor-shape-circle elementor-position-block-start elementor-mobile-position-block-start elementor-widget elementor-widget-icon-box\" data-id=\"99a2325\" data-element_type=\"widget\" data-e-type=\"widget\" data-widget_type=\"icon-box.default\">\n\t\t\t\t<div class=\"elementor-widget-container\">\n\t\t\t\t\t\t\t<div class=\"elementor-icon-box-wrapper\">\n\n\t\t\t\t\t\t<div class=\"elementor-icon-box-icon\">\n\t\t\t\t<span  class=\"elementor-icon\">\n\t\t\t\t<i class=\"fa fa-paw\" aria-hidden=\"true\"><\/i>\t\t\t\t<\/span>\n\t\t\t<\/div>\n\t\t\t\n\t\t\t\t\t\t<div class=\"elementor-icon-box-content\">\n\n\t\t\t\t\t\t\t\t\t<h3 class=\"elementor-icon-box-title\">\n\t\t\t\t\t\t<span  >\n\t\t\t\t\t\t\tQu\u2019est-ce que le programme de chiens d\u2019assistance pour TSPT?\t\t\t\t\t\t<\/span>\n\t\t\t\t\t<\/h3>\n\t\t\t\t\n\t\t\t\t\t\t\t\t\t<p class=\"elementor-icon-box-description\">\n\t\t\t\t\t\tEntra\u00eener un chien d\u2019assistance si hautement sp\u00e9cialis\u00e9 prend du temps. Nous commen\u00e7ons donc t\u00f4t. Nos chiens d\u2019assistance commencent leur entra\u00eenement aussi t\u00f4t qu\u2019\u00e0 8 semaines. On dit qu\u2019un entra\u00eenement de trouble de stress post-traumatique complet prend 18 mois&nbsp; avec leur b\u00e9n\u00e9ficiaire respectif, mais le tout d\u00e9pend r\u00e9ellement du chien et de son partenaire. Avant que nos chiens rencontrent leur nouveau partenaire pour la vie, ils vivent avec leur famille d\u2019accueil. Ils apprennent beaucoup plus que simplement l\u2019ob\u00e9issance de base. Au moment que nos chiens d\u2019assistance pour TSPT rencontrent leur b\u00e9n\u00e9ficiaire, ils ont d\u00e9j\u00e0 \u00e9t\u00e9 expos\u00e9s \u00e0 une vari\u00e9t\u00e9 de diff\u00e9rents sc\u00e9narios. Chaque chien passe au travers d\u2019approximativement 2 000 \u00e0 2 500 heures d\u2019entra\u00eenement. On nous demande souvent ce que les chiens sont entra\u00een\u00e9s \u00e0 faire, mais les t\u00e2ches varient d\u2019un b\u00e9n\u00e9ficiaire \u00e0 l\u2019autre et il n\u2019existe pas de formule copier\/coller. Les t\u00e2ches inclues mais ne sont pas limit\u00e9es \u00e0 par exemple allumer les lumi\u00e8res, ouvrir et fermer les portes et les tiroirs, chercher des objets \u00e9chapp\u00e9s, d\u00e9tecter et r\u00e9pondre \u00e0 une situation de crise , etc. Ultimement, les chiens d\u2019assistance assisteront leur b\u00e9n\u00e9ficiaire pas juste avec des alertes de crise d\u2019anxi\u00e9t\u00e9, mais \u00e9galement avec tout le processus de gu\u00e9rison, fournissant constamment de la compagnie\/camaraderie qui supporte le p\u00e9riple vers la gu\u00e9rison.\n\t\t\t\t\t<\/p>\n\t\t\t\t\n\t\t\t<\/div>\n\t\t\t\n\t\t<\/div>\n\t\t\t\t\t\t<\/div>\n\t\t\t\t<\/div>\n\t\t\t\t\t<\/div>\n\t\t<\/div>\n\t\t\t\t\t<\/div>\n\t\t<\/section>\n\t\t\t\t\t<\/div>\n\t\t<\/div>\n\t\t\t\t\t<\/div>\n\t\t<\/section>\n\t\t\t\t<section class=\"elementor-section elementor-top-section elementor-element elementor-element-196b944a elementor-section-full_width elementor-section-height-default elementor-section-height-default\" data-id=\"196b944a\" data-element_type=\"section\" data-e-type=\"section\" data-settings=\"{&quot;background_background&quot;:&quot;classic&quot;}\">\n\t\t\t\t\t\t<div class=\"elementor-container elementor-column-gap-default\">\n\t\t\t\t\t<div class=\"elementor-column elementor-col-100 elementor-top-column elementor-element elementor-element-12ba2c4\" data-id=\"12ba2c4\" data-element_type=\"column\" data-e-type=\"column\">\n\t\t\t<div class=\"elementor-widget-wrap elementor-element-populated\">\n\t\t\t\t\t\t<div class=\"elementor-element elementor-element-2586f97 elementor-widget elementor-widget-text-editor\" data-id=\"2586f97\" data-element_type=\"widget\" data-e-type=\"widget\" data-widget_type=\"text-editor.default\">\n\t\t\t\t<div class=\"elementor-widget-container\">\n\t\t\t\t\t\t\t\t\t<p><strong>Nos chiens d\u2019assistance pour TSPT portent assistance avec:<\/strong><\/p>\n<ul>\n<li><span lang=\"FR\">La r\u00e9-int\u00e9gration et socialiser;<\/span><\/li>\n<li>Reconna\u00eetre les sympt\u00f4mes pr\u00e9coces de l\u2019anxi\u00e9t\u00e9 ou de la d\u00e9tresse \u00e9motionnelle;<\/li>\n<li>Interrompre les cauchemards;<\/li>\n<li>Augmentation de la confiance et un sentiment d\u2019appartenance \u00e0 la soci\u00e9t\u00e9;<\/li>\n<li>Assumer des responsabilit\u00e9s de leadership<\/li>\n<\/ul>\t\t\t\t\t\t\t\t<\/div>\n\t\t\t\t<\/div>\n\t\t\t\t\t<\/div>\n\t\t<\/div>\n\t\t\t\t\t<\/div>\n\t\t<\/section>\n\t\t\t\t<section class=\"elementor-section elementor-top-section elementor-element elementor-element-e4a246d elementor-section-boxed elementor-section-height-default elementor-section-height-default\" data-id=\"e4a246d\" data-element_type=\"section\" data-e-type=\"section\">\n\t\t\t\t\t\t<div class=\"elementor-container elementor-column-gap-default\">\n\t\t\t\t\t<div class=\"elementor-column elementor-col-100 elementor-top-column elementor-element elementor-element-828cbc4\" data-id=\"828cbc4\" data-element_type=\"column\" data-e-type=\"column\">\n\t\t\t<div class=\"elementor-widget-wrap elementor-element-populated\">\n\t\t\t\t\t\t<div class=\"elementor-element elementor-element-7a41683 elementor-view-framed elementor-shape-circle elementor-position-block-start elementor-mobile-position-block-start elementor-widget elementor-widget-icon-box\" data-id=\"7a41683\" data-element_type=\"widget\" data-e-type=\"widget\" data-widget_type=\"icon-box.default\">\n\t\t\t\t<div class=\"elementor-widget-container\">\n\t\t\t\t\t\t\t<div class=\"elementor-icon-box-wrapper\">\n\n\t\t\t\t\t\t<div class=\"elementor-icon-box-icon\">\n\t\t\t\t<span  class=\"elementor-icon\">\n\t\t\t\t<i aria-hidden=\"true\" class=\"fas fa-bars\"><\/i>\t\t\t\t<\/span>\n\t\t\t<\/div>\n\t\t\t\n\t\t\t\t\t\t<div class=\"elementor-icon-box-content\">\n\n\t\t\t\t\t\t\t\t\t<h3 class=\"elementor-icon-box-title\">\n\t\t\t\t\t\t<span  >\n\t\t\t\t\t\t\tQue prenons-nous en consid\u00e9ration lors de l\u2019analyse d\u2019une candidature pour notre programme de chien d\u2019assistance pour le TSPT?\t\t\t\t\t\t<\/span>\n\t\t\t\t\t<\/h3>\n\t\t\t\t\n\t\t\t\t\t\t\t\t\t<p class=\"elementor-icon-box-description\">\n\t\t\t\t\t\t\n\t\t\t\t\t<\/p>\n\t\t\t\t\n\t\t\t<\/div>\n\t\t\t\n\t\t<\/div>\n\t\t\t\t\t\t<\/div>\n\t\t\t\t<\/div>\n\t\t\t\t<div class=\"elementor-element elementor-element-f5c857a elementor-widget elementor-widget-text-editor\" data-id=\"f5c857a\" data-element_type=\"widget\" data-e-type=\"widget\" data-widget_type=\"text-editor.default\">\n\t\t\t\t<div class=\"elementor-widget-container\">\n\t\t\t\t\t\t\t\t\t<ul><li><strong>La candidature rel\u00e8ve-t-elle de notre champ d\u2019expertise?<\/strong><\/li><li><strong>Les attentes de la personne candidate (et\/ou de sa famille) sont-elles r\u00e9alistes envers notre programme?<\/strong><\/li><li><strong>Selon les besoins de la personne candidate, pouvons-nous s\u00e9lectionner et \u00e9duquer un chien dans un d\u00e9lai raisonnable?<\/strong><\/li><li><strong>La personne candidate (et\/ou sa famille) est-elle en accord avec les pratiques de la Fondation Asista (ex. processus de candidature, placement du chien, formation, rencontres de suivi, etc.)?<\/strong><\/li><li><strong>La personne candidate (et\/ou sa famille) habite-t-elle \u00e0 proximit\u00e9 de notre \u00e9tablissement (pour les formations et les rencontres de suivi)?<\/strong><\/li><li><strong>La personne candidate (et\/ou sa famille) est-elle en mesure de d\u00e9bourser les co\u00fbts annuels pour le chien d\u2019assistance (ex. nourriture, toilettage, assurances m\u00e9dicales, etc.)?<\/strong><\/li><li><strong>La personne candidate (et\/ou sa famille) a-t-elle des connaissances de base pour s\u2019occuper ad\u00e9quatement d\u2019un chien d\u2019assistance?<\/strong><\/li><li><strong>La personne candidate vit-elle dans un environnement s\u00e9curitaire, confortable et suffisamment spacieux pour un chien de grande taille?<\/strong><\/li><li><strong>La personne candidate manifeste-t-elle le d\u00e9sir de communiquer et de collaborer avec l\u2019\u00e9quipe de la Fondation Asista?<\/strong><p><strong>\u00c0 noter : Si la candidature respecte toutes les directives \u00e9num\u00e9r\u00e9es pr\u00e9c\u00e9demment, ceci ne garantit pas l\u2019acceptation dans notre programme. L\u2019\u00e9ligibilit\u00e9 de la personne candidate est soumise \u00e0 une analyse approfondie par le service d\u2019admission de la Fondation Asista.<\/strong><\/p><\/li><\/ul><p>\u00c0 noter\u00a0: Si la candidature respecte toutes les directives \u00e9num\u00e9r\u00e9es pr\u00e9c\u00e9demment, ceci ne garantit pas l\u2019acceptation dans notre programme. L\u2019\u00e9ligibilit\u00e9 de la personne candidate est soumise \u00e0 une analyse approfondie par le service d\u2019admission de la Fondation Asista. \u00a0<\/p>\t\t\t\t\t\t\t\t<\/div>\n\t\t\t\t<\/div>\n\t\t\t\t<div class=\"elementor-element elementor-element-bab7842 elementor-widget elementor-widget-spacer\" data-id=\"bab7842\" data-element_type=\"widget\" data-e-type=\"widget\" data-widget_type=\"spacer.default\">\n\t\t\t\t<div class=\"elementor-widget-container\">\n\t\t\t\t\t\t\t<div class=\"elementor-spacer\">\n\t\t\t<div class=\"elementor-spacer-inner\"><\/div>\n\t\t<\/div>\n\t\t\t\t\t\t<\/div>\n\t\t\t\t<\/div>\n\t\t\t\t\t<\/div>\n\t\t<\/div>\n\t\t\t\t\t<\/div>\n\t\t<\/section>\n\t\t\t\t<section class=\"elementor-section elementor-top-section elementor-element elementor-element-cdad97e elementor-section-full_width elementor-section-height-default elementor-section-height-default\" data-id=\"cdad97e\" data-element_type=\"section\" data-e-type=\"section\" data-settings=\"{&quot;background_background&quot;:&quot;classic&quot;}\">\n\t\t\t\t\t\t<div class=\"elementor-container elementor-column-gap-default\">\n\t\t\t\t\t<div class=\"elementor-column elementor-col-100 elementor-top-column elementor-element elementor-element-c4db231\" data-id=\"c4db231\" data-element_type=\"column\" data-e-type=\"column\">\n\t\t\t<div class=\"elementor-widget-wrap elementor-element-populated\">\n\t\t\t\t\t\t<div class=\"elementor-element elementor-element-4e5ec29 elementor-alert-danger elementor-widget elementor-widget-alert\" data-id=\"4e5ec29\" data-element_type=\"widget\" data-e-type=\"widget\" data-widget_type=\"alert.default\">\n\t\t\t\t<div class=\"elementor-widget-container\">\n\t\t\t\t\t\t\t<div class=\"elementor-alert\" role=\"alert\">\n\n\t\t\t\t\t\t<span class=\"elementor-alert-title\">Message important<\/span>\n\t\t\t\n\t\t\t\t\t\t<span class=\"elementor-alert-description\">En raison de la forte demande pour nos services et de notre engagement in\u00e9branlable \u00e0 soutenir les \u00e9quipes de chiens d'assistance d\u00e9j\u00e0 en place, la Fondation Asista continuera \u00e0 suspendre les demandes de renouvellement et les nouvelles demandes. En tant qu'organisation caritative offrant gratuitement ses programmes individualis\u00e9s, nos ressources limit\u00e9es doivent \u00eatre allou\u00e9es avec prudence afin de pouvoir soutenir au mieux les personnes dont nous nous occupons actuellement. Nous esp\u00e9rons rouvrir progressivement nos programmes \u00e0 partir de 2026. Nous vous remercions de votre compr\u00e9hension et de votre patience, car nous restons d\u00e9termin\u00e9s \u00e0 remplir notre mission et \u00e0 avoir un impact durable sur notre communaut\u00e9.<\/span>\n\t\t\t\n\t\t\t\t\t\t<button type=\"button\" class=\"elementor-alert-dismiss\" aria-label=\"Ignorer cette alerte.\">\n\t\t\t\t\t\t\t\t\t<span aria-hidden=\"true\">&times;<\/span>\n\t\t\t\t\t\t\t<\/button>\n\t\t\t\n\t\t<\/div>\n\t\t\t\t\t\t<\/div>\n\t\t\t\t<\/div>\n\t\t\t\t<div class=\"elementor-element elementor-element-69790ae elementor-view-framed elementor-shape-circle elementor-position-block-start elementor-mobile-position-block-start elementor-widget elementor-widget-icon-box\" data-id=\"69790ae\" data-element_type=\"widget\" data-e-type=\"widget\" data-widget_type=\"icon-box.default\">\n\t\t\t\t<div class=\"elementor-widget-container\">\n\t\t\t\t\t\t\t<div class=\"elementor-icon-box-wrapper\">\n\n\t\t\t\t\t\t<div class=\"elementor-icon-box-icon\">\n\t\t\t\t<span  class=\"elementor-icon\">\n\t\t\t\t<i class=\"fa fa-folder-open\" aria-hidden=\"true\"><\/i>\t\t\t\t<\/span>\n\t\t\t<\/div>\n\t\t\t\n\t\t\t\t\t\t<div class=\"elementor-icon-box-content\">\n\n\t\t\t\t\t\t\t\t\t<h3 class=\"elementor-icon-box-title\">\n\t\t\t\t\t\t<span  >\n\t\t\t\t\t\t\tAppliquer pour un chien d\u2019assistance pour TSPT\t\t\t\t\t\t<\/span>\n\t\t\t\t\t<\/h3>\n\t\t\t\t\n\t\t\t\t\t\t\t\t\t<p class=\"elementor-icon-box-description\">\n\t\t\t\t\t\tLe processus d\u2019application est rigoureux. Si vous pensez que vous \u00eates un bon candidat pour notre programme, nous vous invitons \u00e0 appliquer. Si vous aimeriez conna\u00eetre le processus d\u2019application, veuillez consulter la page \u00abnos programmes\u00bb situ\u00e9e dans le menu.\n\t\t\t\t\t<\/p>\n\t\t\t\t\n\t\t\t<\/div>\n\t\t\t\n\t\t<\/div>\n\t\t\t\t\t\t<\/div>\n\t\t\t\t<\/div>\n\t\t\t\t<div class=\"elementor-element elementor-element-c6946d4 elementor-button-success elementor-align-center elementor-widget elementor-widget-button\" data-id=\"c6946d4\" data-element_type=\"widget\" data-e-type=\"widget\" data-widget_type=\"button.default\">\n\t\t\t\t<div class=\"elementor-widget-container\">\n\t\t\t\t\t\t\t\t\t<div class=\"elementor-button-wrapper\">\n\t\t\t\t\t<a class=\"elementor-button elementor-size-md elementor-animation-grow\" role=\"button\">\n\t\t\t\t\t\t<span class=\"elementor-button-content-wrapper\">\n\t\t\t\t\t\t\t\t\t<span class=\"elementor-button-text\">P\u00e9riode d'application ferm\u00e9e<\/span>\n\t\t\t\t\t<\/span>\n\t\t\t\t\t<\/a>\n\t\t\t\t<\/div>\n\t\t\t\t\t\t\t\t<\/div>\n\t\t\t\t<\/div>\n\t\t\t\t\t<\/div>\n\t\t<\/div>\n\t\t\t\t\t<\/div>\n\t\t<\/section>\n\t\t\t\t<\/div>\n\t\t","protected":false},"excerpt":{"rendered":"<p>Programme de chiens d\u2019assistance pour TSPT Qu\u2019est-ce que le programme de chiens d\u2019assistance pour TSPT? Entra\u00eener un chien d\u2019assistance si hautement sp\u00e9cialis\u00e9 prend du temps. Nous commen\u00e7ons donc t\u00f4t. Nos chiens d\u2019assistance commencent leur entra\u00eenement aussi t\u00f4t qu\u2019\u00e0 8 semaines. On dit qu\u2019un entra\u00eenement de trouble de stress post-traumatique complet prend 18 mois&nbsp; avec leur [&hellip;]<\/p>\n","protected":false},"author":1,"featured_media":0,"parent":0,"menu_order":0,"comment_status":"closed","ping_status":"closed","template":"","meta":{"ocean_post_layout":"full-screen","ocean_both_sidebars_style":"","ocean_both_sidebars_content_width":0,"ocean_both_sidebars_sidebars_width":0,"ocean_sidebar":"0","ocean_second_sidebar":"0","ocean_disable_margins":"enable","ocean_add_body_class":"","ocean_shortcode_before_top_bar":"","ocean_shortcode_after_top_bar":"","ocean_shortcode_before_header":"","ocean_shortcode_after_header":"","ocean_has_shortcode":"","ocean_shortcode_after_title":"","ocean_shortcode_before_footer_widgets":"","ocean_shortcode_after_footer_widgets":"","ocean_shortcode_before_footer_bottom":"","ocean_shortcode_after_footer_bottom":"","ocean_display_top_bar":"default","ocean_display_header":"default","ocean_header_style":"","ocean_center_header_left_menu":"0","ocean_custom_header_template":"0","ocean_custom_logo":0,"ocean_custom_retina_logo":0,"ocean_custom_logo_max_width":0,"ocean_custom_logo_tablet_max_width":0,"ocean_custom_logo_mobile_max_width":0,"ocean_custom_logo_max_height":0,"ocean_custom_logo_tablet_max_height":0,"ocean_custom_logo_mobile_max_height":0,"ocean_header_custom_menu":"0","ocean_menu_typo_font_family":"0","ocean_menu_typo_font_subset":"","ocean_menu_typo_font_size":0,"ocean_menu_typo_font_size_tablet":0,"ocean_menu_typo_font_size_mobile":0,"ocean_menu_typo_font_size_unit":"px","ocean_menu_typo_font_weight":"","ocean_menu_typo_font_weight_tablet":"","ocean_menu_typo_font_weight_mobile":"","ocean_menu_typo_transform":"","ocean_menu_typo_transform_tablet":"","ocean_menu_typo_transform_mobile":"","ocean_menu_typo_line_height":0,"ocean_menu_typo_line_height_tablet":0,"ocean_menu_typo_line_height_mobile":0,"ocean_menu_typo_line_height_unit":"","ocean_menu_typo_spacing":0,"ocean_menu_typo_spacing_tablet":0,"ocean_menu_typo_spacing_mobile":0,"ocean_menu_typo_spacing_unit":"","ocean_menu_link_color":"","ocean_menu_link_color_hover":"","ocean_menu_link_color_active":"","ocean_menu_link_background":"","ocean_menu_link_hover_background":"","ocean_menu_link_active_background":"","ocean_menu_social_links_bg":"","ocean_menu_social_hover_links_bg":"","ocean_menu_social_links_color":"","ocean_menu_social_hover_links_color":"","ocean_disable_title":"on","ocean_disable_heading":"default","ocean_post_title":"","ocean_post_subheading":"","ocean_post_title_style":"","ocean_post_title_background_color":"","ocean_post_title_background":0,"ocean_post_title_bg_image_position":"","ocean_post_title_bg_image_attachment":"","ocean_post_title_bg_image_repeat":"","ocean_post_title_bg_image_size":"","ocean_post_title_height":0,"ocean_post_title_bg_overlay":0.5,"ocean_post_title_bg_overlay_color":"","ocean_disable_breadcrumbs":"default","ocean_breadcrumbs_color":"","ocean_breadcrumbs_separator_color":"","ocean_breadcrumbs_links_color":"","ocean_breadcrumbs_links_hover_color":"","ocean_display_footer_widgets":"default","ocean_display_footer_bottom":"default","ocean_custom_footer_template":"0","footnotes":""},"class_list":["post-948","page","type-page","status-publish","hentry","entry"],"_links":{"self":[{"href":"https:\/\/asista.ca\/fr\/wp-json\/wp\/v2\/pages\/948","targetHints":{"allow":["GET"]}}],"collection":[{"href":"https:\/\/asista.ca\/fr\/wp-json\/wp\/v2\/pages"}],"about":[{"href":"https:\/\/asista.ca\/fr\/wp-json\/wp\/v2\/types\/page"}],"author":[{"embeddable":true,"href":"https:\/\/asista.ca\/fr\/wp-json\/wp\/v2\/users\/1"}],"replies":[{"embeddable":true,"href":"https:\/\/asista.ca\/fr\/wp-json\/wp\/v2\/comments?post=948"}],"version-history":[{"count":3,"href":"https:\/\/asista.ca\/fr\/wp-json\/wp\/v2\/pages\/948\/revisions"}],"predecessor-version":[{"id":2373,"href":"https:\/\/asista.ca\/fr\/wp-json\/wp\/v2\/pages\/948\/revisions\/2373"}],"wp:attachment":[{"href":"https:\/\/asista.ca\/fr\/wp-json\/wp\/v2\/media?parent=948"}],"curies":[{"name":"wp","href":"https:\/\/api.w.org\/{rel}","templated":true}]}}