{"id":865,"date":"2018-08-22T12:37:42","date_gmt":"2018-08-22T16:37:42","guid":{"rendered":"https:\/\/asista.ca\/chiens-dassistance-de-specialite\/"},"modified":"2024-12-29T23:24:57","modified_gmt":"2024-12-30T04:24:57","slug":"chiens-dassistance-de-specialite","status":"publish","type":"page","link":"https:\/\/asista.ca\/fr\/chiens-dassistance-de-specialite\/","title":{"rendered":"Chiens d\u2019assistance de sp\u00e9cialit\u00e9"},"content":{"rendered":"\t\t<div data-elementor-type=\"wp-post\" data-elementor-id=\"865\" class=\"elementor elementor-865 elementor-321\">\n\t\t\t\t\t\t<section class=\"elementor-section elementor-top-section elementor-element elementor-element-586ad6b1 elementor-section-boxed elementor-section-height-default elementor-section-height-default\" data-id=\"586ad6b1\" data-element_type=\"section\" data-e-type=\"section\" data-settings=\"{&quot;background_background&quot;:&quot;classic&quot;}\">\n\t\t\t\t\t\t<div class=\"elementor-container elementor-column-gap-default\">\n\t\t\t\t\t<div class=\"elementor-column elementor-col-100 elementor-top-column elementor-element elementor-element-4b7d82b2\" data-id=\"4b7d82b2\" data-element_type=\"column\" data-e-type=\"column\">\n\t\t\t<div class=\"elementor-widget-wrap elementor-element-populated\">\n\t\t\t\t\t\t<div class=\"elementor-element elementor-element-54d55433 elementor-widget elementor-widget-heading\" data-id=\"54d55433\" data-element_type=\"widget\" data-e-type=\"widget\" data-widget_type=\"heading.default\">\n\t\t\t\t<div class=\"elementor-widget-container\">\n\t\t\t\t\t<h2 class=\"elementor-heading-title elementor-size-default\">Chiens d\u2019assistance de sp\u00e9cialit\u00e9<\/h2>\t\t\t\t<\/div>\n\t\t\t\t<\/div>\n\t\t\t\t\t<\/div>\n\t\t<\/div>\n\t\t\t\t\t<\/div>\n\t\t<\/section>\n\t\t\t\t<section class=\"elementor-section elementor-top-section elementor-element elementor-element-50064d53 elementor-section-full_width elementor-section-height-default elementor-section-height-default\" data-id=\"50064d53\" data-element_type=\"section\" data-e-type=\"section\" data-settings=\"{&quot;background_background&quot;:&quot;classic&quot;}\">\n\t\t\t\t\t\t<div class=\"elementor-container elementor-column-gap-default\">\n\t\t\t\t\t<div class=\"elementor-column elementor-col-100 elementor-top-column elementor-element elementor-element-25428ba1\" data-id=\"25428ba1\" data-element_type=\"column\" data-e-type=\"column\">\n\t\t\t<div class=\"elementor-widget-wrap elementor-element-populated\">\n\t\t\t\t\t\t<section class=\"elementor-section elementor-inner-section elementor-element elementor-element-181e1f3e elementor-section-boxed elementor-section-height-default elementor-section-height-default\" data-id=\"181e1f3e\" data-element_type=\"section\" data-e-type=\"section\">\n\t\t\t\t\t\t<div class=\"elementor-container elementor-column-gap-default\">\n\t\t\t\t\t<div class=\"elementor-column elementor-col-100 elementor-inner-column elementor-element elementor-element-59484116\" data-id=\"59484116\" data-element_type=\"column\" data-e-type=\"column\">\n\t\t\t<div class=\"elementor-widget-wrap elementor-element-populated\">\n\t\t\t\t\t\t<div class=\"elementor-element elementor-element-9ebdd74 elementor-alert-danger elementor-widget elementor-widget-alert\" data-id=\"9ebdd74\" data-element_type=\"widget\" data-e-type=\"widget\" data-widget_type=\"alert.default\">\n\t\t\t\t<div class=\"elementor-widget-container\">\n\t\t\t\t\t\t\t<div class=\"elementor-alert\" role=\"alert\">\n\n\t\t\t\t\t\t<span class=\"elementor-alert-title\">Avertissement:<\/span>\n\t\t\t\n\t\t\t\t\t\t<span class=\"elementor-alert-description\">Veuillez svp prendre notre que nous ne fournissons aucun service de certification autre que nos propres chiens pour une vari\u00e9t\u00e9 de raisons.\n<\/span>\n\t\t\t\n\t\t\t\t\t\t<button type=\"button\" class=\"elementor-alert-dismiss\" aria-label=\"Ignorer cette alerte.\">\n\t\t\t\t\t\t\t\t\t<span aria-hidden=\"true\">&times;<\/span>\n\t\t\t\t\t\t\t<\/button>\n\t\t\t\n\t\t<\/div>\n\t\t\t\t\t\t<\/div>\n\t\t\t\t<\/div>\n\t\t\t\t<div class=\"elementor-element elementor-element-5178d77b elementor-view-framed elementor-shape-circle elementor-position-block-start elementor-mobile-position-block-start elementor-widget elementor-widget-icon-box\" data-id=\"5178d77b\" data-element_type=\"widget\" data-e-type=\"widget\" data-widget_type=\"icon-box.default\">\n\t\t\t\t<div class=\"elementor-widget-container\">\n\t\t\t\t\t\t\t<div class=\"elementor-icon-box-wrapper\">\n\n\t\t\t\t\t\t<div class=\"elementor-icon-box-icon\">\n\t\t\t\t<span  class=\"elementor-icon\">\n\t\t\t\t<i class=\"fa fa-plus\" aria-hidden=\"true\"><\/i>\t\t\t\t<\/span>\n\t\t\t<\/div>\n\t\t\t\n\t\t\t\t\t\t<div class=\"elementor-icon-box-content\">\n\n\t\t\t\t\t\t\t\t\t<h1 class=\"elementor-icon-box-title\">\n\t\t\t\t\t\t<span  >\n\t\t\t\t\t\t\tQu\u2019est-ce que le programme de chiens d\u2019assistance de sp\u00e9cialit\u00e9?\t\t\t\t\t\t<\/span>\n\t\t\t\t\t<\/h1>\n\t\t\t\t\n\t\t\t\t\t\t\t\t\t<p class=\"elementor-icon-box-description\">\n\t\t\t\t\t\tTout comme les chiens d\u2019assistance pour TSPT, entra\u00eener un chien d\u2019assistance si hautement sp\u00e9cialis\u00e9 prend du temps. Nous commen\u00e7ons donc t\u00f4t. Nos chiens d\u2019assistance commencent leur entra\u00eenement aussit\u00f4t qu\u2019\u00e0 8 semaines. On dit qu\u2019un entra\u00eenement de chien d\u2019assistance complet prend 18 mois avec leur b\u00e9n\u00e9ficiaire respectif, mais le tout d\u00e9pend r\u00e9ellement du chien et de son partenaire. Avant que nos chiens rencontrent leur nouveau partenaire pour la vie, ils vivent avec leur famille d\u2019accueil. Ils apprennent beaucoup plus que simplement l\u2019ob\u00e9issance de base. Au moment que nos chiens d\u2019assistance pour TSPT rencontrent leur b\u00e9n\u00e9ficiaire, ils ont d\u00e9j\u00e0 \u00e9t\u00e9 expos\u00e9s \u00e0 une vari\u00e9t\u00e9 de diff\u00e9rents sc\u00e9narios. Chaque chien passe au travers d\u2019approximativement 2 000 \u00e0 2 500 heures d\u2019entra\u00eenement. On nous demande souvent ce que les chiens sont entra\u00een\u00e9s \u00e0 faire, mais les t\u00e2ches varient d\u2019un b\u00e9n\u00e9ficiaire \u00e0 l\u2019autre et il n\u2019existe pas de formule copier\/coller. Les t\u00e2ches inclues mais ne sont pas limit\u00e9es \u00e0 par exemple allumer les lumi\u00e8res, ouvrir et fermer les portes et les tiroirs, chercher des objets \u00e9chapp\u00e9s, d\u00e9tecter et r\u00e9pondre \u00e0 une situation de crise, etc. Ultimement, les chiens d\u2019assistance assisteront leur b\u00e9n\u00e9ficiaire pas juste avec des alertes de crise d\u2019anxi\u00e9t\u00e9, mais \u00e9galement avec tout le processus de gu\u00e9rison, fournissant constamment de la compagnie\/camaraderie qui supporte le p\u00e9riple vers la gu\u00e9rison. Nos chiens d\u2019assistance de sp\u00e9cialit\u00e9 aident habituellement les personnes avec de l\u2019anxi\u00e9t\u00e9 s\u00e9v\u00e8re ou de la d\u00e9pression.\n\t\t\t\t\t<\/p>\n\t\t\t\t\n\t\t\t<\/div>\n\t\t\t\n\t\t<\/div>\n\t\t\t\t\t\t<\/div>\n\t\t\t\t<\/div>\n\t\t\t\t\t<\/div>\n\t\t<\/div>\n\t\t\t\t\t<\/div>\n\t\t<\/section>\n\t\t\t\t\t<\/div>\n\t\t<\/div>\n\t\t\t\t\t<\/div>\n\t\t<\/section>\n\t\t\t\t<section class=\"elementor-section elementor-top-section elementor-element elementor-element-1399f260 elementor-section-boxed elementor-section-height-default elementor-section-height-default\" data-id=\"1399f260\" data-element_type=\"section\" data-e-type=\"section\">\n\t\t\t\t\t\t<div class=\"elementor-container elementor-column-gap-default\">\n\t\t\t\t\t<div class=\"elementor-column elementor-col-100 elementor-top-column elementor-element elementor-element-6f95c439\" data-id=\"6f95c439\" data-element_type=\"column\" data-e-type=\"column\">\n\t\t\t<div class=\"elementor-widget-wrap elementor-element-populated\">\n\t\t\t\t\t\t<div class=\"elementor-element elementor-element-6a316612 elementor-view-framed elementor-shape-circle elementor-position-block-start elementor-mobile-position-block-start elementor-widget elementor-widget-icon-box\" data-id=\"6a316612\" data-element_type=\"widget\" data-e-type=\"widget\" data-widget_type=\"icon-box.default\">\n\t\t\t\t<div class=\"elementor-widget-container\">\n\t\t\t\t\t\t\t<div class=\"elementor-icon-box-wrapper\">\n\n\t\t\t\t\t\t<div class=\"elementor-icon-box-icon\">\n\t\t\t\t<span  class=\"elementor-icon\">\n\t\t\t\t<i aria-hidden=\"true\" class=\"fas fa-bars\"><\/i>\t\t\t\t<\/span>\n\t\t\t<\/div>\n\t\t\t\n\t\t\t\t\t\t<div class=\"elementor-icon-box-content\">\n\n\t\t\t\t\t\t\t\t\t<h3 class=\"elementor-icon-box-title\">\n\t\t\t\t\t\t<span  >\n\t\t\t\t\t\t\tQue prenons-nous en consid\u00e9ration lors de l\u2019analyse d\u2019une candidature pour notre programme de chien d\u2019assistance de sp\u00e9cialit\u00e9\t\t\t\t\t\t<\/span>\n\t\t\t\t\t<\/h3>\n\t\t\t\t\n\t\t\t\t\t\t\t\t\t<p class=\"elementor-icon-box-description\">\n\t\t\t\t\t\t\n\t\t\t\t\t<\/p>\n\t\t\t\t\n\t\t\t<\/div>\n\t\t\t\n\t\t<\/div>\n\t\t\t\t\t\t<\/div>\n\t\t\t\t<\/div>\n\t\t\t\t<div class=\"elementor-element elementor-element-f188e12 elementor-widget elementor-widget-text-editor\" data-id=\"f188e12\" data-element_type=\"widget\" data-e-type=\"widget\" data-widget_type=\"text-editor.default\">\n\t\t\t\t<div class=\"elementor-widget-container\">\n\t\t\t\t\t\t\t\t\t<ul><li><b><strong>La personne candidate a-t-elle\u00a0<\/strong>une condition diagnostiqu\u00e9 par un\u00a0<\/b><strong>professionnel de la sant\u00e9\u00a0encadr\u00e9 par un ordre professionnel?<\/strong><\/li><li><b><strong>La personne candidate a-t-elle\u00a0<\/strong>un int\u00e9r\u00eat et une\u00a0<\/b><strong>aisance<\/strong><b>\u00a0envers les chiens;<\/b><\/li><li><b><strong>La personne candidate a-t-elle\u00a0<\/strong>une cour cl\u00f4tur\u00e9e ou un environnement\u00a0<\/b><strong>ext\u00e9rieur\u00a0s\u00e9curitaire pour que le chien puisse \u00eatre sans laisse;<\/strong><\/li><li><strong>La candidature rel\u00e8ve-t-elle de notre champ d\u2019expertise?<\/strong><\/li><li><strong>Les attentes de la personne candidate (et\/ou de sa famille) sont-elles r\u00e9alistes envers notre programme?<\/strong><\/li><li><strong>Selon les besoins de la personne candidate, pouvons-nous s\u00e9lectionner et \u00e9duquer un chien dans un d\u00e9lai raisonnable?<\/strong><\/li><li><strong>La personne candidate (et\/ou sa famille) est-elle en accord avec les pratiques de la Fondation Asista (ex. processus de candidature, placement du chien, formation, rencontres de suivi, etc.)?<\/strong><\/li><li><strong>La personne candidate (et\/ou sa famille) habite-t-elle \u00e0 proximit\u00e9 de notre \u00e9tablissement (pour les formations et les rencontres de suivi)?<\/strong><\/li><li><strong>La personne candidate (et\/ou sa famille) est-elle en mesure de d\u00e9bourser les co\u00fbts annuels pour le chien d\u2019assistance (ex. nourriture, toilettage, assurances m\u00e9dicales, etc.)?<\/strong><\/li><li><strong>La personne candidate (et\/ou sa famille) a-t-elle des connaissances de base pour s\u2019occuper ad\u00e9quatement d\u2019un chien d\u2019assistance?<\/strong><\/li><li><strong>La personne candidate vit-elle dans un environnement s\u00e9curitaire, confortable et suffisamment spacieux pour un chien de grande taille?<\/strong><\/li><li><strong>La personne candidate manifeste-t-elle le d\u00e9sir de communiquer et de collaborer avec l\u2019\u00e9quipe de la Fondation Asista?<\/strong><\/li><\/ul><p><strong>NB. La\u00a0schizophr\u00e9nie, la\u00a0bipolarit\u00e9, et le trouble de\u00a0<\/strong><span style=\"font-weight: 600;\">personnalit\u00e9 limite ne sont pas des conditions couvertes dans le champs\u00a0d&rsquo;expertise de la fondation.\u00a0<\/span><\/p><p>\u00c0 noter\u00a0: Si la candidature respecte toutes les directives \u00e9num\u00e9r\u00e9es pr\u00e9c\u00e9demment, ceci ne garantit pas l\u2019acceptation dans notre programme. L\u2019\u00e9ligibilit\u00e9 de la personne candidate est soumise \u00e0 une analyse approfondie par le service d\u2019admission de la Fondation Asista. \u00a0<\/p>\t\t\t\t\t\t\t\t<\/div>\n\t\t\t\t<\/div>\n\t\t\t\t\t<\/div>\n\t\t<\/div>\n\t\t\t\t\t<\/div>\n\t\t<\/section>\n\t\t\t\t<section class=\"elementor-section elementor-top-section elementor-element elementor-element-2c734f38 elementor-section-full_width elementor-section-height-default elementor-section-height-default\" data-id=\"2c734f38\" data-element_type=\"section\" data-e-type=\"section\" data-settings=\"{&quot;background_background&quot;:&quot;classic&quot;}\">\n\t\t\t\t\t\t<div class=\"elementor-container elementor-column-gap-default\">\n\t\t\t\t\t<div class=\"elementor-column elementor-col-100 elementor-top-column elementor-element elementor-element-5eee53ff\" data-id=\"5eee53ff\" data-element_type=\"column\" data-e-type=\"column\">\n\t\t\t<div class=\"elementor-widget-wrap elementor-element-populated\">\n\t\t\t\t\t\t<div class=\"elementor-element elementor-element-1351ac8d elementor-alert-danger elementor-widget elementor-widget-alert\" data-id=\"1351ac8d\" data-element_type=\"widget\" data-e-type=\"widget\" data-widget_type=\"alert.default\">\n\t\t\t\t<div class=\"elementor-widget-container\">\n\t\t\t\t\t\t\t<div class=\"elementor-alert\" role=\"alert\">\n\n\t\t\t\t\t\t<span class=\"elementor-alert-title\">Message important<\/span>\n\t\t\t\n\t\t\t\t\t\t<span class=\"elementor-alert-description\">En raison de la forte demande pour nos services et de notre engagement in\u00e9branlable \u00e0 soutenir les \u00e9quipes de chiens d'assistance d\u00e9j\u00e0 en place, la Fondation Asista continuera \u00e0 suspendre les demandes de renouvellement et les nouvelles demandes. En tant qu'organisation caritative offrant gratuitement ses programmes individualis\u00e9s, nos ressources limit\u00e9es doivent \u00eatre allou\u00e9es avec prudence afin de pouvoir soutenir au mieux les personnes dont nous nous occupons actuellement. Nous esp\u00e9rons rouvrir progressivement nos programmes \u00e0 partir de 2026. Nous vous remercions de votre compr\u00e9hension et de votre patience, car nous restons d\u00e9termin\u00e9s \u00e0 remplir notre mission et \u00e0 avoir un impact durable sur notre communaut\u00e9.<\/span>\n\t\t\t\n\t\t\t\t\t\t<button type=\"button\" class=\"elementor-alert-dismiss\" aria-label=\"Ignorer cette alerte.\">\n\t\t\t\t\t\t\t\t\t<span aria-hidden=\"true\">&times;<\/span>\n\t\t\t\t\t\t\t<\/button>\n\t\t\t\n\t\t<\/div>\n\t\t\t\t\t\t<\/div>\n\t\t\t\t<\/div>\n\t\t\t\t<div class=\"elementor-element elementor-element-77e25776 elementor-view-framed elementor-shape-circle elementor-position-block-start elementor-mobile-position-block-start elementor-widget elementor-widget-icon-box\" data-id=\"77e25776\" data-element_type=\"widget\" data-e-type=\"widget\" data-widget_type=\"icon-box.default\">\n\t\t\t\t<div class=\"elementor-widget-container\">\n\t\t\t\t\t\t\t<div class=\"elementor-icon-box-wrapper\">\n\n\t\t\t\t\t\t<div class=\"elementor-icon-box-icon\">\n\t\t\t\t<span  class=\"elementor-icon\">\n\t\t\t\t<i class=\"fa fa-folder-open\" aria-hidden=\"true\"><\/i>\t\t\t\t<\/span>\n\t\t\t<\/div>\n\t\t\t\n\t\t\t\t\t\t<div class=\"elementor-icon-box-content\">\n\n\t\t\t\t\t\t\t\t\t<h3 class=\"elementor-icon-box-title\">\n\t\t\t\t\t\t<span  >\n\t\t\t\t\t\t\tAppliquer pour un chien d\u2019assistance de sp\u00e9cialit\u00e9\t\t\t\t\t\t<\/span>\n\t\t\t\t\t<\/h3>\n\t\t\t\t\n\t\t\t\t\t\t\t\t\t<p class=\"elementor-icon-box-description\">\n\t\t\t\t\t\tLe processus d\u2019application est rigoureux. Si vous pensez que vous \u00eates un bon candidat pour notre programme, nous vous invitons \u00e0 appliquer. Si vous aimeriez conna\u00eetre le processus d\u2019application, veuillez consulter la page \u00abnos programmes\u00bb situ\u00e9e dans le menu.\n\t\t\t\t\t<\/p>\n\t\t\t\t\n\t\t\t<\/div>\n\t\t\t\n\t\t<\/div>\n\t\t\t\t\t\t<\/div>\n\t\t\t\t<\/div>\n\t\t\t\t<div class=\"elementor-element elementor-element-7c3bb82a elementor-button-success elementor-align-center elementor-widget elementor-widget-button\" data-id=\"7c3bb82a\" data-element_type=\"widget\" data-e-type=\"widget\" data-widget_type=\"button.default\">\n\t\t\t\t<div class=\"elementor-widget-container\">\n\t\t\t\t\t\t\t\t\t<div class=\"elementor-button-wrapper\">\n\t\t\t\t\t<a class=\"elementor-button elementor-size-md elementor-animation-grow\" role=\"button\">\n\t\t\t\t\t\t<span class=\"elementor-button-content-wrapper\">\n\t\t\t\t\t\t\t\t\t<span class=\"elementor-button-text\">P\u00e9riode d'application ferm\u00e9e<\/span>\n\t\t\t\t\t<\/span>\n\t\t\t\t\t<\/a>\n\t\t\t\t<\/div>\n\t\t\t\t\t\t\t\t<\/div>\n\t\t\t\t<\/div>\n\t\t\t\t\t<\/div>\n\t\t<\/div>\n\t\t\t\t\t<\/div>\n\t\t<\/section>\n\t\t\t\t<\/div>\n\t\t","protected":false},"excerpt":{"rendered":"<p>Chiens d\u2019assistance de sp\u00e9cialit\u00e9 Avertissement: Veuillez svp prendre notre que nous ne fournissons aucun service de certification autre que nos propres chiens pour une vari\u00e9t\u00e9 de raisons. &times; Qu\u2019est-ce que le programme de chiens d\u2019assistance de sp\u00e9cialit\u00e9? Tout comme les chiens d\u2019assistance pour TSPT, entra\u00eener un chien d\u2019assistance si hautement sp\u00e9cialis\u00e9 prend du temps. Nous [&hellip;]<\/p>\n","protected":false},"author":1,"featured_media":0,"parent":0,"menu_order":0,"comment_status":"closed","ping_status":"closed","template":"","meta":{"ocean_post_layout":"full-screen","ocean_both_sidebars_style":"","ocean_both_sidebars_content_width":0,"ocean_both_sidebars_sidebars_width":0,"ocean_sidebar":"0","ocean_second_sidebar":"0","ocean_disable_margins":"enable","ocean_add_body_class":"","ocean_shortcode_before_top_bar":"","ocean_shortcode_after_top_bar":"","ocean_shortcode_before_header":"","ocean_shortcode_after_header":"","ocean_has_shortcode":"","ocean_shortcode_after_title":"","ocean_shortcode_before_footer_widgets":"","ocean_shortcode_after_footer_widgets":"","ocean_shortcode_before_footer_bottom":"","ocean_shortcode_after_footer_bottom":"","ocean_display_top_bar":"default","ocean_display_header":"default","ocean_header_style":"","ocean_center_header_left_menu":"0","ocean_custom_header_template":"0","ocean_custom_logo":0,"ocean_custom_retina_logo":0,"ocean_custom_logo_max_width":0,"ocean_custom_logo_tablet_max_width":0,"ocean_custom_logo_mobile_max_width":0,"ocean_custom_logo_max_height":0,"ocean_custom_logo_tablet_max_height":0,"ocean_custom_logo_mobile_max_height":0,"ocean_header_custom_menu":"0","ocean_menu_typo_font_family":"0","ocean_menu_typo_font_subset":"","ocean_menu_typo_font_size":0,"ocean_menu_typo_font_size_tablet":0,"ocean_menu_typo_font_size_mobile":0,"ocean_menu_typo_font_size_unit":"px","ocean_menu_typo_font_weight":"","ocean_menu_typo_font_weight_tablet":"","ocean_menu_typo_font_weight_mobile":"","ocean_menu_typo_transform":"","ocean_menu_typo_transform_tablet":"","ocean_menu_typo_transform_mobile":"","ocean_menu_typo_line_height":0,"ocean_menu_typo_line_height_tablet":0,"ocean_menu_typo_line_height_mobile":0,"ocean_menu_typo_line_height_unit":"","ocean_menu_typo_spacing":0,"ocean_menu_typo_spacing_tablet":0,"ocean_menu_typo_spacing_mobile":0,"ocean_menu_typo_spacing_unit":"","ocean_menu_link_color":"","ocean_menu_link_color_hover":"","ocean_menu_link_color_active":"","ocean_menu_link_background":"","ocean_menu_link_hover_background":"","ocean_menu_link_active_background":"","ocean_menu_social_links_bg":"","ocean_menu_social_hover_links_bg":"","ocean_menu_social_links_color":"","ocean_menu_social_hover_links_color":"","ocean_disable_title":"on","ocean_disable_heading":"default","ocean_post_title":"","ocean_post_subheading":"","ocean_post_title_style":"","ocean_post_title_background_color":"","ocean_post_title_background":0,"ocean_post_title_bg_image_position":"","ocean_post_title_bg_image_attachment":"","ocean_post_title_bg_image_repeat":"","ocean_post_title_bg_image_size":"","ocean_post_title_height":0,"ocean_post_title_bg_overlay":0.5,"ocean_post_title_bg_overlay_color":"","ocean_disable_breadcrumbs":"default","ocean_breadcrumbs_color":"","ocean_breadcrumbs_separator_color":"","ocean_breadcrumbs_links_color":"","ocean_breadcrumbs_links_hover_color":"","ocean_display_footer_widgets":"default","ocean_display_footer_bottom":"default","ocean_custom_footer_template":"0","footnotes":""},"class_list":["post-865","page","type-page","status-publish","hentry","entry"],"_links":{"self":[{"href":"https:\/\/asista.ca\/fr\/wp-json\/wp\/v2\/pages\/865","targetHints":{"allow":["GET"]}}],"collection":[{"href":"https:\/\/asista.ca\/fr\/wp-json\/wp\/v2\/pages"}],"about":[{"href":"https:\/\/asista.ca\/fr\/wp-json\/wp\/v2\/types\/page"}],"author":[{"embeddable":true,"href":"https:\/\/asista.ca\/fr\/wp-json\/wp\/v2\/users\/1"}],"replies":[{"embeddable":true,"href":"https:\/\/asista.ca\/fr\/wp-json\/wp\/v2\/comments?post=865"}],"version-history":[{"count":3,"href":"https:\/\/asista.ca\/fr\/wp-json\/wp\/v2\/pages\/865\/revisions"}],"predecessor-version":[{"id":2379,"href":"https:\/\/asista.ca\/fr\/wp-json\/wp\/v2\/pages\/865\/revisions\/2379"}],"wp:attachment":[{"href":"https:\/\/asista.ca\/fr\/wp-json\/wp\/v2\/media?parent=865"}],"curies":[{"name":"wp","href":"https:\/\/api.w.org\/{rel}","templated":true}]}}