{"id":1992,"date":"2022-09-04T11:53:04","date_gmt":"2022-09-04T15:53:04","guid":{"rendered":"https:\/\/asista.ca\/?page_id=1992"},"modified":"2026-01-13T11:26:06","modified_gmt":"2026-01-13T16:26:06","slug":"heros","status":"publish","type":"page","link":"https:\/\/asista.ca\/fr\/heros\/","title":{"rendered":"Un h\u00e9ros en chacun de nous"},"content":{"rendered":"\t\t<div data-elementor-type=\"wp-page\" data-elementor-id=\"1992\" class=\"elementor elementor-1992\">\n\t\t\t\t\t\t<section class=\"elementor-section elementor-top-section elementor-element elementor-element-358beb4c elementor-section-boxed elementor-section-height-default elementor-section-height-default\" data-id=\"358beb4c\" data-element_type=\"section\" data-e-type=\"section\" data-settings=\"{&quot;background_background&quot;:&quot;gradient&quot;}\">\n\t\t\t\t\t\t<div class=\"elementor-container elementor-column-gap-default\">\n\t\t\t\t\t<div class=\"elementor-column elementor-col-100 elementor-top-column elementor-element elementor-element-1e106ecc\" data-id=\"1e106ecc\" data-element_type=\"column\" data-e-type=\"column\">\n\t\t\t<div class=\"elementor-widget-wrap elementor-element-populated\">\n\t\t\t\t\t\t<div class=\"elementor-element elementor-element-796cf85f elementor-widget elementor-widget-image\" data-id=\"796cf85f\" data-element_type=\"widget\" data-e-type=\"widget\" data-widget_type=\"image.default\">\n\t\t\t\t<div class=\"elementor-widget-container\">\n\t\t\t\t\t\t\t\t\t\t\t\t\t\t\t<img fetchpriority=\"high\" decoding=\"async\" width=\"1024\" height=\"823\" src=\"https:\/\/asista.ca\/wp-content\/uploads\/2022\/09\/NOUS-1024x823.png\" class=\"attachment-large size-large wp-image-1933\" alt=\"\" srcset=\"https:\/\/asista.ca\/wp-content\/uploads\/2022\/09\/NOUS-1024x823.png 1024w, https:\/\/asista.ca\/wp-content\/uploads\/2022\/09\/NOUS-300x241.png 300w, https:\/\/asista.ca\/wp-content\/uploads\/2022\/09\/NOUS-768x617.png 768w, https:\/\/asista.ca\/wp-content\/uploads\/2022\/09\/NOUS-1536x1235.png 1536w, https:\/\/asista.ca\/wp-content\/uploads\/2022\/09\/NOUS-2048x1646.png 2048w\" sizes=\"(max-width: 1024px) 100vw, 1024px\" \/>\t\t\t\t\t\t\t\t\t\t\t\t\t\t\t<\/div>\n\t\t\t\t<\/div>\n\t\t\t\t\t<\/div>\n\t\t<\/div>\n\t\t\t\t\t<\/div>\n\t\t<\/section>\n\t\t\t\t<section class=\"elementor-section elementor-top-section elementor-element elementor-element-473ea47 elementor-section-full_width elementor-section-height-default elementor-section-height-default\" data-id=\"473ea47\" data-element_type=\"section\" data-e-type=\"section\" data-settings=\"{&quot;background_background&quot;:&quot;classic&quot;}\">\n\t\t\t\t\t\t<div class=\"elementor-container elementor-column-gap-default\">\n\t\t\t\t\t<div class=\"elementor-column elementor-col-100 elementor-top-column elementor-element elementor-element-4b7943fe\" data-id=\"4b7943fe\" data-element_type=\"column\" data-e-type=\"column\">\n\t\t\t<div class=\"elementor-widget-wrap elementor-element-populated\">\n\t\t\t\t\t\t<div class=\"elementor-element elementor-element-6e4355b elementor-widget elementor-widget-heading\" data-id=\"6e4355b\" data-element_type=\"widget\" data-e-type=\"widget\" data-widget_type=\"heading.default\">\n\t\t\t\t<div class=\"elementor-widget-container\">\n\t\t\t\t\t<h3 class=\"elementor-heading-title elementor-size-large\">NOTRE NOUVEL AMBASSADEUR NICK SUZUKI<\/h3>\t\t\t\t<\/div>\n\t\t\t\t<\/div>\n\t\t\t\t<section class=\"elementor-section elementor-inner-section elementor-element elementor-element-f0a21e8 elementor-section-boxed elementor-section-height-default elementor-section-height-default\" data-id=\"f0a21e8\" data-element_type=\"section\" data-e-type=\"section\">\n\t\t\t\t\t\t<div class=\"elementor-container elementor-column-gap-default\">\n\t\t\t\t\t<div class=\"elementor-column elementor-col-100 elementor-inner-column elementor-element elementor-element-5bfa38c7\" data-id=\"5bfa38c7\" data-element_type=\"column\" data-e-type=\"column\">\n\t\t\t<div class=\"elementor-widget-wrap elementor-element-populated\">\n\t\t\t\t\t\t<div class=\"elementor-element elementor-element-5be0d9ea elementor-widget elementor-widget-image\" data-id=\"5be0d9ea\" data-element_type=\"widget\" data-e-type=\"widget\" data-widget_type=\"image.default\">\n\t\t\t\t<div class=\"elementor-widget-container\">\n\t\t\t\t\t\t\t\t\t\t\t\t\t\t\t<img decoding=\"async\" width=\"1024\" height=\"601\" data-src=\"https:\/\/asista.ca\/wp-content\/uploads\/2022\/09\/Untitled-1-copy-1-1024x601.jpg\" class=\"attachment-large size-large wp-image-1904 lazyload\" alt=\"\" data-srcset=\"https:\/\/asista.ca\/wp-content\/uploads\/2022\/09\/Untitled-1-copy-1-1024x601.jpg 1024w, https:\/\/asista.ca\/wp-content\/uploads\/2022\/09\/Untitled-1-copy-1-300x176.jpg 300w, https:\/\/asista.ca\/wp-content\/uploads\/2022\/09\/Untitled-1-copy-1-768x450.jpg 768w, https:\/\/asista.ca\/wp-content\/uploads\/2022\/09\/Untitled-1-copy-1-1536x901.jpg 1536w, https:\/\/asista.ca\/wp-content\/uploads\/2022\/09\/Untitled-1-copy-1.jpg 1920w\" data-sizes=\"(max-width: 1024px) 100vw, 1024px\" src=\"data:image\/svg+xml;base64,PHN2ZyB3aWR0aD0iMSIgaGVpZ2h0PSIxIiB4bWxucz0iaHR0cDovL3d3dy53My5vcmcvMjAwMC9zdmciPjwvc3ZnPg==\" style=\"--smush-placeholder-width: 1024px; --smush-placeholder-aspect-ratio: 1024\/601;\" \/>\t\t\t\t\t\t\t\t\t\t\t\t\t\t\t<\/div>\n\t\t\t\t<\/div>\n\t\t\t\t\t<\/div>\n\t\t<\/div>\n\t\t\t\t\t<\/div>\n\t\t<\/section>\n\t\t\t\t<section class=\"elementor-section elementor-inner-section elementor-element elementor-element-6c7fd65d elementor-section-boxed elementor-section-height-default elementor-section-height-default\" data-id=\"6c7fd65d\" data-element_type=\"section\" data-e-type=\"section\">\n\t\t\t\t\t\t<div class=\"elementor-container elementor-column-gap-wider\">\n\t\t\t\t\t<div class=\"elementor-column elementor-col-50 elementor-inner-column elementor-element elementor-element-743b1d4a\" data-id=\"743b1d4a\" data-element_type=\"column\" data-e-type=\"column\">\n\t\t\t<div class=\"elementor-widget-wrap elementor-element-populated\">\n\t\t\t\t\t\t<div class=\"elementor-element elementor-element-408b34ce elementor-widget elementor-widget-image\" data-id=\"408b34ce\" data-element_type=\"widget\" data-e-type=\"widget\" data-widget_type=\"image.default\">\n\t\t\t\t<div class=\"elementor-widget-container\">\n\t\t\t\t\t\t\t\t\t\t\t\t\t\t\t<img decoding=\"async\" width=\"768\" height=\"617\" data-src=\"https:\/\/asista.ca\/wp-content\/uploads\/2022\/09\/NOUS-768x617.png\" class=\"attachment-medium_large size-medium_large wp-image-1933 lazyload\" alt=\"\" data-srcset=\"https:\/\/asista.ca\/wp-content\/uploads\/2022\/09\/NOUS-768x617.png 768w, https:\/\/asista.ca\/wp-content\/uploads\/2022\/09\/NOUS-300x241.png 300w, https:\/\/asista.ca\/wp-content\/uploads\/2022\/09\/NOUS-1024x823.png 1024w, https:\/\/asista.ca\/wp-content\/uploads\/2022\/09\/NOUS-1536x1235.png 1536w, https:\/\/asista.ca\/wp-content\/uploads\/2022\/09\/NOUS-2048x1646.png 2048w\" data-sizes=\"(max-width: 768px) 100vw, 768px\" src=\"data:image\/svg+xml;base64,PHN2ZyB3aWR0aD0iMSIgaGVpZ2h0PSIxIiB4bWxucz0iaHR0cDovL3d3dy53My5vcmcvMjAwMC9zdmciPjwvc3ZnPg==\" style=\"--smush-placeholder-width: 768px; --smush-placeholder-aspect-ratio: 768\/617;\" \/>\t\t\t\t\t\t\t\t\t\t\t\t\t\t\t<\/div>\n\t\t\t\t<\/div>\n\t\t\t\t\t<\/div>\n\t\t<\/div>\n\t\t\t\t<div class=\"elementor-column elementor-col-50 elementor-inner-column elementor-element elementor-element-4f747167\" data-id=\"4f747167\" data-element_type=\"column\" data-e-type=\"column\">\n\t\t\t<div class=\"elementor-widget-wrap elementor-element-populated\">\n\t\t\t\t\t\t<div class=\"elementor-element elementor-element-4f17d4b1 elementor-widget elementor-widget-text-editor\" data-id=\"4f17d4b1\" data-element_type=\"widget\" data-e-type=\"widget\" data-widget_type=\"text-editor.default\">\n\t\t\t\t<div class=\"elementor-widget-container\">\n\t\t\t\t\t\t\t\t\t<p>Nous sommes tr\u00e8s heureux de pouvoir accueillir Nick Suzuki au sein de la famille Asista. Gr\u00e2ce \u00e0 son exp\u00e9rience professionnelle, il a pu \u00eatre t\u00e9moin des diff\u00e9rents obstacles auxquels les gens sont affect\u00e9s par un probl\u00e8me li\u00e9 \u00e0 la sant\u00e9 mentale. Le jeune joueur de hockey et amoureux des animaux est convaincu que sa participation permettra de sensibiliser le public, de promouvoir la cause et d\u2019avoir un impact significatif dans la communaut\u00e9.<\/p><p>La campagne \u00ab\u00a0Un h\u00e9ros en chacun de nous\u00a0\u00bb met en \u00e9vidence l\u2019influence et le pouvoir que nous avons tous pour changer positivement des vies par nos actions et notre soutien.<\/p>\t\t\t\t\t\t\t\t<\/div>\n\t\t\t\t<\/div>\n\t\t\t\t<div class=\"elementor-element elementor-element-47b0ea3b elementor-align-center elementor-widget elementor-widget-button\" data-id=\"47b0ea3b\" data-element_type=\"widget\" data-e-type=\"widget\" data-widget_type=\"button.default\">\n\t\t\t\t<div class=\"elementor-widget-container\">\n\t\t\t\t\t\t\t\t\t<div class=\"elementor-button-wrapper\">\n\t\t\t\t\t<a class=\"elementor-button elementor-button-link elementor-size-md\" href=\"https:\/\/www.newswire.ca\/fr\/news-releases\/nick-suzuki-repeche-en-tant-que-nouvel-ambassadeur-de-la-fondation-asista-inaugurant-la-campagne-un-heros-en-chacun-de-nous--823001325.html\">\n\t\t\t\t\t\t<span class=\"elementor-button-content-wrapper\">\n\t\t\t\t\t\t\t\t\t<span class=\"elementor-button-text\">LIRE LE COMMUNIQU\u00c9 DE PRESSE<\/span>\n\t\t\t\t\t<\/span>\n\t\t\t\t\t<\/a>\n\t\t\t\t<\/div>\n\t\t\t\t\t\t\t\t<\/div>\n\t\t\t\t<\/div>\n\t\t\t\t\t<\/div>\n\t\t<\/div>\n\t\t\t\t\t<\/div>\n\t\t<\/section>\n\t\t\t\t<div class=\"elementor-element elementor-element-32ca790e elementor-widget elementor-widget-video\" data-id=\"32ca790e\" data-element_type=\"widget\" data-e-type=\"widget\" data-settings=\"{&quot;youtube_url&quot;:&quot;https:\\\/\\\/www.youtube.com\\\/watch?v=E812SUzE1Hw&amp;t=1s&quot;,&quot;autoplay&quot;:&quot;yes&quot;,&quot;mute&quot;:&quot;yes&quot;,&quot;loop&quot;:&quot;yes&quot;,&quot;video_type&quot;:&quot;youtube&quot;,&quot;controls&quot;:&quot;yes&quot;}\" data-widget_type=\"video.default\">\n\t\t\t\t<div class=\"elementor-widget-container\">\n\t\t\t\t\t\t\t<div class=\"elementor-wrapper elementor-open-inline\">\n\t\t\t<div class=\"elementor-video\"><\/div>\t\t<\/div>\n\t\t\t\t\t\t<\/div>\n\t\t\t\t<\/div>\n\t\t\t\t<div class=\"elementor-element elementor-element-4a1c225b elementor-widget elementor-widget-spacer\" data-id=\"4a1c225b\" data-element_type=\"widget\" data-e-type=\"widget\" data-widget_type=\"spacer.default\">\n\t\t\t\t<div class=\"elementor-widget-container\">\n\t\t\t\t\t\t\t<div class=\"elementor-spacer\">\n\t\t\t<div class=\"elementor-spacer-inner\"><\/div>\n\t\t<\/div>\n\t\t\t\t\t\t<\/div>\n\t\t\t\t<\/div>\n\t\t\t\t\t<\/div>\n\t\t<\/div>\n\t\t\t\t\t<\/div>\n\t\t<\/section>\n\t\t\t\t<section class=\"elementor-section elementor-top-section elementor-element elementor-element-4aa8a04c elementor-section-full_width elementor-section-height-default elementor-section-height-default\" data-id=\"4aa8a04c\" data-element_type=\"section\" data-e-type=\"section\" data-settings=\"{&quot;background_background&quot;:&quot;classic&quot;}\">\n\t\t\t\t\t\t<div class=\"elementor-container elementor-column-gap-default\">\n\t\t\t\t\t<div class=\"elementor-column elementor-col-100 elementor-top-column elementor-element elementor-element-66dbc6b7\" data-id=\"66dbc6b7\" data-element_type=\"column\" data-e-type=\"column\">\n\t\t\t<div class=\"elementor-widget-wrap elementor-element-populated\">\n\t\t\t\t\t\t<div class=\"elementor-element elementor-element-20ca6951 elementor-widget elementor-widget-heading\" data-id=\"20ca6951\" data-element_type=\"widget\" data-e-type=\"widget\" data-widget_type=\"heading.default\">\n\t\t\t\t<div class=\"elementor-widget-container\">\n\t\t\t\t\t<h3 class=\"elementor-heading-title elementor-size-large\">Comment soutenir la campagne ?<\/h3>\t\t\t\t<\/div>\n\t\t\t\t<\/div>\n\t\t\t\t<section class=\"elementor-section elementor-inner-section elementor-element elementor-element-6a190148 elementor-section-boxed elementor-section-height-default elementor-section-height-default\" data-id=\"6a190148\" data-element_type=\"section\" data-e-type=\"section\">\n\t\t\t\t\t\t<div class=\"elementor-container elementor-column-gap-default\">\n\t\t\t\t\t<div class=\"elementor-column elementor-col-33 elementor-inner-column elementor-element elementor-element-3e4587e0\" data-id=\"3e4587e0\" data-element_type=\"column\" data-e-type=\"column\">\n\t\t\t<div class=\"elementor-widget-wrap elementor-element-populated\">\n\t\t\t\t\t\t<div class=\"elementor-element elementor-element-3c7041de elementor-view-default elementor-position-block-start elementor-mobile-position-block-start elementor-widget elementor-widget-icon-box\" data-id=\"3c7041de\" data-element_type=\"widget\" data-e-type=\"widget\" data-widget_type=\"icon-box.default\">\n\t\t\t\t<div class=\"elementor-widget-container\">\n\t\t\t\t\t\t\t<div class=\"elementor-icon-box-wrapper\">\n\n\t\t\t\t\t\t<div class=\"elementor-icon-box-icon\">\n\t\t\t\t<span  class=\"elementor-icon\">\n\t\t\t\t<i aria-hidden=\"true\" class=\"fas fa-hand-holding-heart\"><\/i>\t\t\t\t<\/span>\n\t\t\t<\/div>\n\t\t\t\n\t\t\t\t\t\t<div class=\"elementor-icon-box-content\">\n\n\t\t\t\t\t\t\t\t\t<h3 class=\"elementor-icon-box-title\">\n\t\t\t\t\t\t<span  >\n\t\t\t\t\t\t\tfaire du b\u00e9n\u00e9volat\t\t\t\t\t\t<\/span>\n\t\t\t\t\t<\/h3>\n\t\t\t\t\n\t\t\t\t\t\t\t\t\t<p class=\"elementor-icon-box-description\">\n\t\t\t\t\t\tNous sommes toujours \u00e0 la recherche de b\u00e9n\u00e9voles motiv\u00e9s et passionn\u00e9s.\n\nNos b\u00e9n\u00e9voles travaillent \u00e0 distance et dans nos locaux. Les t\u00e2ches comprennent notamment l'aide \u00e0 la promenade des chiens, l'administration et les soins de base aux animaux. Par ailleurs, les b\u00e9n\u00e9voles peuvent \u00e9galement participer \u00e0 la collecte de fonds, \u00e0 la sensibilisation, \u00e0 l'\u00e9ducation, au soutien administratif, aux \u00e9v\u00e9nements sp\u00e9ciaux, \u00e0 la coordination des b\u00e9n\u00e9voles, \u00e0 l'accueil des animaux et bien plus encore.\t\t\t\t\t<\/p>\n\t\t\t\t\n\t\t\t<\/div>\n\t\t\t\n\t\t<\/div>\n\t\t\t\t\t\t<\/div>\n\t\t\t\t<\/div>\n\t\t\t\t\t<\/div>\n\t\t<\/div>\n\t\t\t\t<div class=\"elementor-column elementor-col-33 elementor-inner-column elementor-element elementor-element-18310894\" data-id=\"18310894\" data-element_type=\"column\" data-e-type=\"column\">\n\t\t\t<div class=\"elementor-widget-wrap elementor-element-populated\">\n\t\t\t\t\t\t<div class=\"elementor-element elementor-element-1403bd24 elementor-view-default elementor-position-block-start elementor-mobile-position-block-start elementor-widget elementor-widget-icon-box\" data-id=\"1403bd24\" data-element_type=\"widget\" data-e-type=\"widget\" data-widget_type=\"icon-box.default\">\n\t\t\t\t<div class=\"elementor-widget-container\">\n\t\t\t\t\t\t\t<div class=\"elementor-icon-box-wrapper\">\n\n\t\t\t\t\t\t<div class=\"elementor-icon-box-icon\">\n\t\t\t\t<span  class=\"elementor-icon\">\n\t\t\t\t<i aria-hidden=\"true\" class=\"fas fa-donate\"><\/i>\t\t\t\t<\/span>\n\t\t\t<\/div>\n\t\t\t\n\t\t\t\t\t\t<div class=\"elementor-icon-box-content\">\n\n\t\t\t\t\t\t\t\t\t<h3 class=\"elementor-icon-box-title\">\n\t\t\t\t\t\t<span  >\n\t\t\t\t\t\t\tFAIRE UN DON\t\t\t\t\t\t<\/span>\n\t\t\t\t\t<\/h3>\n\t\t\t\t\n\t\t\t\t\t\t\t\t\t<p class=\"elementor-icon-box-description\">\n\t\t\t\t\t\tUn chien d'assistance co\u00fbte en moyenne environ 35 000 $, en fonction de la formation qu'il suivra. Aucun don n'est trop petit. Par exemple, un don de 20 $ permet de procurer un collier et une laisse adapt\u00e9s \u00e0 un chien d'assistance. Un don de 50 $ permet de procurer un lit confortable. Un don de 800 $ nous aidera \u00e0 adopter un chien potentiel pour notre programme. \t\t\t\t\t<\/p>\n\t\t\t\t\n\t\t\t<\/div>\n\t\t\t\n\t\t<\/div>\n\t\t\t\t\t\t<\/div>\n\t\t\t\t<\/div>\n\t\t\t\t\t<\/div>\n\t\t<\/div>\n\t\t\t\t<div class=\"elementor-column elementor-col-33 elementor-inner-column elementor-element elementor-element-2c47c78\" data-id=\"2c47c78\" data-element_type=\"column\" data-e-type=\"column\">\n\t\t\t<div class=\"elementor-widget-wrap elementor-element-populated\">\n\t\t\t\t\t\t<div class=\"elementor-element elementor-element-3160ea0b elementor-view-default elementor-position-block-start elementor-mobile-position-block-start elementor-widget elementor-widget-icon-box\" data-id=\"3160ea0b\" data-element_type=\"widget\" data-e-type=\"widget\" data-widget_type=\"icon-box.default\">\n\t\t\t\t<div class=\"elementor-widget-container\">\n\t\t\t\t\t\t\t<div class=\"elementor-icon-box-wrapper\">\n\n\t\t\t\t\t\t<div class=\"elementor-icon-box-icon\">\n\t\t\t\t<span  class=\"elementor-icon\">\n\t\t\t\t<i aria-hidden=\"true\" class=\"fas fa-dog\"><\/i>\t\t\t\t<\/span>\n\t\t\t<\/div>\n\t\t\t\n\t\t\t\t\t\t<div class=\"elementor-icon-box-content\">\n\n\t\t\t\t\t\t\t\t\t<h3 class=\"elementor-icon-box-title\">\n\t\t\t\t\t\t<span  >\n\t\t\t\t\t\t\tDEVENIR UNE FAMILLE D'ACCUEIL\t\t\t\t\t\t<\/span>\n\t\t\t\t\t<\/h3>\n\t\t\t\t\n\t\t\t\t\t\t\t\t\t<p class=\"elementor-icon-box-description\">\n\t\t\t\t\t\tH\u00e9berger un animal veut dire que vous prenez un chien d\u2019assistance dans votre demeure et prenez soin de lui pour nous. Pendant la p\u00e9riode d\u2019h\u00e9bergement, nous vous fournissons la nourriture et les soins v\u00e9t\u00e9rinaires jusqu\u2019\u00e0 temps que l\u2019animal soit disponible pour le module d\u2019entra\u00eenement. Les familles d\u2019accueil aident nos chiens d\u2019assistance avec la socialisation et l\u2019amour. Tous nos chiens sont de grandes races allant du labrador classique au golden retriever jusqu\u2019au bouvier bernois. \t\t\t\t\t<\/p>\n\t\t\t\t\n\t\t\t<\/div>\n\t\t\t\n\t\t<\/div>\n\t\t\t\t\t\t<\/div>\n\t\t\t\t<\/div>\n\t\t\t\t\t<\/div>\n\t\t<\/div>\n\t\t\t\t\t<\/div>\n\t\t<\/section>\n\t\t\t\t<div class=\"elementor-element elementor-element-62cd35dc elementor-widget elementor-widget-spacer\" data-id=\"62cd35dc\" data-element_type=\"widget\" data-e-type=\"widget\" data-widget_type=\"spacer.default\">\n\t\t\t\t<div class=\"elementor-widget-container\">\n\t\t\t\t\t\t\t<div class=\"elementor-spacer\">\n\t\t\t<div class=\"elementor-spacer-inner\"><\/div>\n\t\t<\/div>\n\t\t\t\t\t\t<\/div>\n\t\t\t\t<\/div>\n\t\t\t\t<div class=\"elementor-element elementor-element-39c2e55f elementor-widget elementor-widget-heading\" data-id=\"39c2e55f\" data-element_type=\"widget\" data-e-type=\"widget\" data-widget_type=\"heading.default\">\n\t\t\t\t<div class=\"elementor-widget-container\">\n\t\t\t\t\t<h3 class=\"elementor-heading-title elementor-size-large\">articles promotionnels<\/h3>\t\t\t\t<\/div>\n\t\t\t\t<\/div>\n\t\t\t\t<section class=\"elementor-section elementor-inner-section elementor-element elementor-element-391bbd3a elementor-section-boxed elementor-section-height-default elementor-section-height-default\" data-id=\"391bbd3a\" data-element_type=\"section\" data-e-type=\"section\">\n\t\t\t\t\t\t<div class=\"elementor-container elementor-column-gap-default\">\n\t\t\t\t\t<div class=\"elementor-column elementor-col-50 elementor-inner-column elementor-element elementor-element-3fcba8d0\" data-id=\"3fcba8d0\" data-element_type=\"column\" data-e-type=\"column\">\n\t\t\t<div class=\"elementor-widget-wrap elementor-element-populated\">\n\t\t\t\t\t\t<div class=\"elementor-element elementor-element-f469911 elementor-widget elementor-widget-image\" data-id=\"f469911\" data-element_type=\"widget\" data-e-type=\"widget\" data-widget_type=\"image.default\">\n\t\t\t\t<div class=\"elementor-widget-container\">\n\t\t\t\t\t\t\t\t\t\t\t\t\t\t\t<img decoding=\"async\" width=\"967\" height=\"1024\" data-src=\"https:\/\/asista.ca\/wp-content\/uploads\/2022\/09\/VCC_Tshirt-N03-B-967x1024.png\" class=\"attachment-large size-large wp-image-1971 lazyload\" alt=\"\" data-srcset=\"https:\/\/asista.ca\/wp-content\/uploads\/2022\/09\/VCC_Tshirt-N03-B-967x1024.png 967w, https:\/\/asista.ca\/wp-content\/uploads\/2022\/09\/VCC_Tshirt-N03-B-283x300.png 283w, https:\/\/asista.ca\/wp-content\/uploads\/2022\/09\/VCC_Tshirt-N03-B-768x814.png 768w, https:\/\/asista.ca\/wp-content\/uploads\/2022\/09\/VCC_Tshirt-N03-B.png 1346w\" data-sizes=\"(max-width: 967px) 100vw, 967px\" src=\"data:image\/svg+xml;base64,PHN2ZyB3aWR0aD0iMSIgaGVpZ2h0PSIxIiB4bWxucz0iaHR0cDovL3d3dy53My5vcmcvMjAwMC9zdmciPjwvc3ZnPg==\" style=\"--smush-placeholder-width: 967px; --smush-placeholder-aspect-ratio: 967\/1024;\" \/>\t\t\t\t\t\t\t\t\t\t\t\t\t\t\t<\/div>\n\t\t\t\t<\/div>\n\t\t\t\t\t<\/div>\n\t\t<\/div>\n\t\t\t\t<div class=\"elementor-column elementor-col-50 elementor-inner-column elementor-element elementor-element-77a4006b\" data-id=\"77a4006b\" data-element_type=\"column\" data-e-type=\"column\">\n\t\t\t<div class=\"elementor-widget-wrap elementor-element-populated\">\n\t\t\t\t\t\t<div class=\"elementor-element elementor-element-4943939f elementor-widget elementor-widget-image\" data-id=\"4943939f\" data-element_type=\"widget\" data-e-type=\"widget\" data-widget_type=\"image.default\">\n\t\t\t\t<div class=\"elementor-widget-container\">\n\t\t\t\t\t\t\t\t\t\t\t\t\t\t\t<img decoding=\"async\" width=\"1024\" height=\"652\" data-src=\"https:\/\/asista.ca\/wp-content\/uploads\/2022\/09\/VCC_-Hood-02-B-1024x652.png\" class=\"attachment-large size-large wp-image-1973 lazyload\" alt=\"\" data-srcset=\"https:\/\/asista.ca\/wp-content\/uploads\/2022\/09\/VCC_-Hood-02-B-1024x652.png 1024w, https:\/\/asista.ca\/wp-content\/uploads\/2022\/09\/VCC_-Hood-02-B-300x191.png 300w, https:\/\/asista.ca\/wp-content\/uploads\/2022\/09\/VCC_-Hood-02-B-768x489.png 768w, https:\/\/asista.ca\/wp-content\/uploads\/2022\/09\/VCC_-Hood-02-B.png 1500w\" data-sizes=\"(max-width: 1024px) 100vw, 1024px\" src=\"data:image\/svg+xml;base64,PHN2ZyB3aWR0aD0iMSIgaGVpZ2h0PSIxIiB4bWxucz0iaHR0cDovL3d3dy53My5vcmcvMjAwMC9zdmciPjwvc3ZnPg==\" style=\"--smush-placeholder-width: 1024px; --smush-placeholder-aspect-ratio: 1024\/652;\" \/>\t\t\t\t\t\t\t\t\t\t\t\t\t\t\t<\/div>\n\t\t\t\t<\/div>\n\t\t\t\t\t<\/div>\n\t\t<\/div>\n\t\t\t\t\t<\/div>\n\t\t<\/section>\n\t\t\t\t<div class=\"elementor-element elementor-element-63c32b6 elementor-widget elementor-widget-text-editor\" data-id=\"63c32b6\" data-element_type=\"widget\" data-e-type=\"widget\" data-widget_type=\"text-editor.default\">\n\t\t\t\t<div class=\"elementor-widget-container\">\n\t\t\t\t\t\t\t\t\t<p>Bient\u00f4t disponible.<\/p>\t\t\t\t\t\t\t\t<\/div>\n\t\t\t\t<\/div>\n\t\t\t\t\t<\/div>\n\t\t<\/div>\n\t\t\t\t\t<\/div>\n\t\t<\/section>\n\t\t\t\t<\/div>\n\t\t","protected":false},"excerpt":{"rendered":"<p>NOTRE NOUVEL AMBASSADEUR NICK SUZUKI Nous sommes tr\u00e8s heureux de pouvoir accueillir Nick Suzuki au sein de la famille Asista. Gr\u00e2ce \u00e0 son exp\u00e9rience professionnelle, il a pu \u00eatre t\u00e9moin des diff\u00e9rents obstacles auxquels les gens sont affect\u00e9s par un probl\u00e8me li\u00e9 \u00e0 la sant\u00e9 mentale. Le jeune joueur de hockey et amoureux des animaux [&hellip;]<\/p>\n","protected":false},"author":1,"featured_media":1904,"parent":0,"menu_order":0,"comment_status":"closed","ping_status":"closed","template":"","meta":{"ocean_post_layout":"full-screen","ocean_both_sidebars_style":"","ocean_both_sidebars_content_width":0,"ocean_both_sidebars_sidebars_width":0,"ocean_sidebar":"0","ocean_second_sidebar":"0","ocean_disable_margins":"enable","ocean_add_body_class":"","ocean_shortcode_before_top_bar":"","ocean_shortcode_after_top_bar":"","ocean_shortcode_before_header":"","ocean_shortcode_after_header":"","ocean_has_shortcode":"","ocean_shortcode_after_title":"","ocean_shortcode_before_footer_widgets":"","ocean_shortcode_after_footer_widgets":"","ocean_shortcode_before_footer_bottom":"","ocean_shortcode_after_footer_bottom":"","ocean_display_top_bar":"default","ocean_display_header":"default","ocean_header_style":"","ocean_center_header_left_menu":"0","ocean_custom_header_template":"0","ocean_custom_logo":0,"ocean_custom_retina_logo":0,"ocean_custom_logo_max_width":0,"ocean_custom_logo_tablet_max_width":0,"ocean_custom_logo_mobile_max_width":0,"ocean_custom_logo_max_height":0,"ocean_custom_logo_tablet_max_height":0,"ocean_custom_logo_mobile_max_height":0,"ocean_header_custom_menu":"16","ocean_menu_typo_font_family":"0","ocean_menu_typo_font_subset":"","ocean_menu_typo_font_size":0,"ocean_menu_typo_font_size_tablet":0,"ocean_menu_typo_font_size_mobile":0,"ocean_menu_typo_font_size_unit":"px","ocean_menu_typo_font_weight":"","ocean_menu_typo_font_weight_tablet":"","ocean_menu_typo_font_weight_mobile":"","ocean_menu_typo_transform":"","ocean_menu_typo_transform_tablet":"","ocean_menu_typo_transform_mobile":"","ocean_menu_typo_line_height":0,"ocean_menu_typo_line_height_tablet":0,"ocean_menu_typo_line_height_mobile":0,"ocean_menu_typo_line_height_unit":"","ocean_menu_typo_spacing":0,"ocean_menu_typo_spacing_tablet":0,"ocean_menu_typo_spacing_mobile":0,"ocean_menu_typo_spacing_unit":"","ocean_menu_link_color":"","ocean_menu_link_color_hover":"","ocean_menu_link_color_active":"","ocean_menu_link_background":"","ocean_menu_link_hover_background":"","ocean_menu_link_active_background":"","ocean_menu_social_links_bg":"","ocean_menu_social_hover_links_bg":"","ocean_menu_social_links_color":"","ocean_menu_social_hover_links_color":"","ocean_disable_title":"on","ocean_disable_heading":"default","ocean_post_title":"","ocean_post_subheading":"","ocean_post_title_style":"","ocean_post_title_background_color":"","ocean_post_title_background":0,"ocean_post_title_bg_image_position":"","ocean_post_title_bg_image_attachment":"","ocean_post_title_bg_image_repeat":"","ocean_post_title_bg_image_size":"","ocean_post_title_height":0,"ocean_post_title_bg_overlay":0.5,"ocean_post_title_bg_overlay_color":"","ocean_disable_breadcrumbs":"default","ocean_breadcrumbs_color":"","ocean_breadcrumbs_separator_color":"","ocean_breadcrumbs_links_color":"","ocean_breadcrumbs_links_hover_color":"","ocean_display_footer_widgets":"default","ocean_display_footer_bottom":"default","ocean_custom_footer_template":"0","footnotes":""},"class_list":["post-1992","page","type-page","status-publish","has-post-thumbnail","hentry","entry","has-media"],"_links":{"self":[{"href":"https:\/\/asista.ca\/fr\/wp-json\/wp\/v2\/pages\/1992","targetHints":{"allow":["GET"]}}],"collection":[{"href":"https:\/\/asista.ca\/fr\/wp-json\/wp\/v2\/pages"}],"about":[{"href":"https:\/\/asista.ca\/fr\/wp-json\/wp\/v2\/types\/page"}],"author":[{"embeddable":true,"href":"https:\/\/asista.ca\/fr\/wp-json\/wp\/v2\/users\/1"}],"replies":[{"embeddable":true,"href":"https:\/\/asista.ca\/fr\/wp-json\/wp\/v2\/comments?post=1992"}],"version-history":[{"count":6,"href":"https:\/\/asista.ca\/fr\/wp-json\/wp\/v2\/pages\/1992\/revisions"}],"predecessor-version":[{"id":2415,"href":"https:\/\/asista.ca\/fr\/wp-json\/wp\/v2\/pages\/1992\/revisions\/2415"}],"wp:featuredmedia":[{"embeddable":true,"href":"https:\/\/asista.ca\/fr\/wp-json\/wp\/v2\/media\/1904"}],"wp:attachment":[{"href":"https:\/\/asista.ca\/fr\/wp-json\/wp\/v2\/media?parent=1992"}],"curies":[{"name":"wp","href":"https:\/\/api.w.org\/{rel}","templated":true}]}}